{"id":29,"date":"2025-09-08T20:43:03","date_gmt":"2025-09-08T18:43:03","guid":{"rendered":"https:\/\/lesensdelafete.com\/blog\/about\/"},"modified":"2025-09-27T09:47:38","modified_gmt":"2025-09-27T07:47:38","slug":"a-propos","status":"publish","type":"page","link":"https:\/\/lesensdelafete.com\/blog\/a-propos\/","title":{"rendered":"A propos"},"content":{"rendered":"\n<div class=\"wp-block-uagb-container uagb-block-25aa5549 alignwide uagb-is-root-container\">\n<div class=\"wp-block-uagb-info-box uagb-block-659e2e2f uagb-infobox__content-wrap  uagb-infobox-icon-above-title uagb-infobox-image-valign-top\"><div class=\"uagb-ifb-content\"><div class=\"uagb-ifb-title-wrap\"><span class=\"uagb-ifb-title-prefix\">Bienvenue chez nous<\/span><h1 class=\"uagb-ifb-title\">Notre passion pour les f\u00eates<\/h1><\/div><\/div><\/div>\n<\/div>\n\n\n\n<div class=\"wp-block-uagb-container uagb-block-378362b0 alignfull uagb-is-root-container\"><div class=\"uagb-container-inner-blocks-wrap\">\n<div class=\"wp-block-uagb-container uagb-block-d99a01d5\">\n<div class=\"wp-block-uagb-image alignleft uagb-block-55af411b wp-block-uagb-image--layout-default wp-block-uagb-image--effect-static wp-block-uagb-image--align-left\"><figure class=\"wp-block-uagb-image__figure\"><img loading=\"lazy\" decoding=\"async\" srcset=\"https:\/\/lesensdelafete.com\/blog\/wp-content\/uploads\/2025\/09\/pexels-photo-268481.jpeg ,https:\/\/lesensdelafete.com\/blog\/wp-content\/uploads\/2025\/09\/pexels-photo-268481.jpeg 780w, https:\/\/lesensdelafete.com\/blog\/wp-content\/uploads\/2025\/09\/pexels-photo-268481.jpeg 360w\" sizes=\"auto, (max-width: 480px) 150px\" src=\"https:\/\/lesensdelafete.com\/blog\/wp-content\/uploads\/2025\/09\/pexels-photo-268481.jpeg\" alt=\"A vibrant close-up of a decorative mask surrounded by colorful streamers on a reflective surface.\" class=\"uag-image-13\" width=\"545\" height=\"550\" title=\"\" loading=\"lazy\" role=\"img\"\/><\/figure><\/div>\n\n\n\n<div class=\"wp-block-uagb-advanced-heading uagb-block-9cd6c2e5\"><p class=\"uagb-desc-text\">Notre mission est d&rsquo;aider les passionn\u00e9s de f\u00eates \u00e0 c\u00e9l\u00e9brer chaque moment de mani\u00e8re unique. Nous offrons des id\u00e9es, des astuces et des ressources pour rendre chaque f\u00eate inoubliable.<\/p><\/div>\n<\/div>\n\n\n\n<div class=\"wp-block-uagb-container uagb-block-54c82e6f\">\n<div class=\"wp-block-uagb-advanced-heading uagb-block-07a15938\"><p class=\"uagb-desc-text\">Tout a commenc\u00e9 en 2020, lorsque j&rsquo;ai d\u00e9cid\u00e9 de partager mon amour pour les c\u00e9l\u00e9brations. Je voulais cr\u00e9er un espace o\u00f9 chacun pourrait trouver inspiration et conseils pour organiser des \u00e9v\u00e9nements m\u00e9morables.<\/p><\/div>\n\n\n\n<div class=\"wp-block-uagb-image alignleft uagb-block-ad43eb1b wp-block-uagb-image--layout-default wp-block-uagb-image--effect-static wp-block-uagb-image--align-left\"><figure class=\"wp-block-uagb-image__figure\"><img loading=\"lazy\" decoding=\"async\" srcset=\"https:\/\/lesensdelafete.com\/blog\/wp-content\/uploads\/2025\/09\/pexels-photo-1144283.jpeg ,https:\/\/lesensdelafete.com\/blog\/wp-content\/uploads\/2025\/09\/pexels-photo-1144283.jpeg 780w, https:\/\/lesensdelafete.com\/blog\/wp-content\/uploads\/2025\/09\/pexels-photo-1144283.jpeg 360w\" sizes=\"auto, (max-width: 480px) 150px\" src=\"https:\/\/lesensdelafete.com\/blog\/wp-content\/uploads\/2025\/09\/pexels-photo-1144283.jpeg\" alt=\"A vibrant display of traditional Venetian masquerade masks showcasing intricate designs.\" class=\"uag-image-14\" width=\"545\" height=\"400\" title=\"\" loading=\"lazy\" role=\"img\"\/><\/figure><\/div>\n\n\n\n<div class=\"wp-block-uagb-advanced-heading uagb-block-a36bc6ca\"><p class=\"uagb-desc-text\">Nous envisageons un monde o\u00f9 chaque c\u00e9l\u00e9bration est une occasion sp\u00e9ciale, remplie de cr\u00e9ativit\u00e9 et de joie, inspirant les gens \u00e0 se rassembler et \u00e0 c\u00e9l\u00e9brer la vie ensemble.<\/p><\/div>\n\n\n\n<div class=\"wp-block-uagb-advanced-heading uagb-block-d6774e60\"><p class=\"uagb-desc-text\">Notre blog a \u00e9t\u00e9 reconnu dans plusieurs publications locales pour son contenu innovant et engageant, illustrant notre engagement \u00e0 \u00eatre \u00e0 la pointe des tendances en mati\u00e8re de f\u00eates.<\/p><\/div>\n<\/div>\n<\/div><\/div>\n\n\n\n<div class=\"wp-block-uagb-container uagb-block-b6f2d60b alignfull uagb-is-root-container\"><div class=\"uagb-container-inner-blocks-wrap\">\n<div class=\"wp-block-uagb-info-box uagb-block-264bc1a7 uagb-infobox__content-wrap  uagb-infobox-icon-above-title uagb-infobox-image-valign-top wp-block-uagb-info-box--has-margin\"><div class=\"uagb-infobox-margin-wrapper\"><div class=\"uagb-ifb-content\"><div class=\"uagb-ifb-title-wrap\"><span class=\"uagb-ifb-title-prefix\">Restons en contact<\/span><h2 class=\"uagb-ifb-title\">Rejoignez notre communaut\u00e9!<\/h2><\/div><div class=\"uagb-ifb-button-wrapper wp-block-button\"><a href=\"https:\/\/lesensdelafete.com\/blog\/contact\/\" class=\"uagb-infobox-cta-link wp-block-button__link\" target=\"_self\" rel=\"noopener noreferrer\" onclick=\"return true;\"><span class=\"uagb-inline-editing\">Explorez nos id\u00e9es<\/span><\/a><\/div><\/div><\/div><\/div>\n<\/div><\/div>\n","protected":false},"excerpt":{"rendered":"<p>Notre mission est d&rsquo;aider les passionn\u00e9s de f\u00eates \u00e0 c\u00e9l\u00e9brer chaque moment de mani\u00e8re unique. Nous offrons des id\u00e9es, des astuces et des ressources pour rendre chaque f\u00eate inoubliable. Tout a commenc\u00e9 en 2020, lorsque j&rsquo;ai d\u00e9cid\u00e9 de partager mon amour pour les c\u00e9l\u00e9brations. Je voulais cr\u00e9er un espace o\u00f9 chacun pourrait trouver inspiration et [&hellip;]<\/p>\n","protected":false},"author":1,"featured_media":0,"parent":0,"menu_order":0,"comment_status":"closed","ping_status":"closed","template":"","meta":{"_acf_changed":false,"_uag_custom_page_level_css":"","site-sidebar-layout":"no-sidebar","site-content-layout":"","ast-site-content-layout":"normal-width-container","site-content-style":"default","site-sidebar-style":"default","ast-global-header-display":"","ast-banner-title-visibility":"disabled","ast-main-header-display":"","ast-hfb-above-header-display":"","ast-hfb-below-header-display":"","ast-hfb-mobile-header-display":"","site-post-title":"","ast-breadcrumbs-content":"","ast-featured-img":"","footer-sml-layout":"","theme-transparent-header-meta":"enabled","adv-header-id-meta":"","stick-header-meta":"","header-above-stick-meta":"","header-main-stick-meta":"","header-below-stick-meta":"","astra-migrate-meta-layouts":"default","ast-page-background-enabled":"default","ast-page-background-meta":{"desktop":{"background-color":"var(--ast-global-color-4)","background-image":"","background-repeat":"repeat","background-position":"center center","background-size":"auto","background-attachment":"scroll","background-type":"","background-media":"","overlay-type":"","overlay-color":"","overlay-opacity":"","overlay-gradient":""},"tablet":{"background-color":"","background-image":"","background-repeat":"repeat","background-position":"center center","background-size":"auto","background-attachment":"scroll","background-type":"","background-media":"","overlay-type":"","overlay-color":"","overlay-opacity":"","overlay-gradient":""},"mobile":{"background-color":"","background-image":"","background-repeat":"repeat","background-position":"center center","background-size":"auto","background-attachment":"scroll","background-type":"","background-media":"","overlay-type":"","overlay-color":"","overlay-opacity":"","overlay-gradient":""}},"ast-content-background-meta":{"desktop":{"background-color":"var(--ast-global-color-5)","background-image":"","background-repeat":"repeat","background-position":"center center","background-size":"auto","background-attachment":"scroll","background-type":"","background-media":"","overlay-type":"","overlay-color":"","overlay-opacity":"","overlay-gradient":""},"tablet":{"background-color":"var(--ast-global-color-5)","background-image":"","background-repeat":"repeat","background-position":"center center","background-size":"auto","background-attachment":"scroll","background-type":"","background-media":"","overlay-type":"","overlay-color":"","overlay-opacity":"","overlay-gradient":""},"mobile":{"background-color":"var(--ast-global-color-5)","background-image":"","background-repeat":"repeat","background-position":"center center","background-size":"auto","background-attachment":"scroll","background-type":"","background-media":"","overlay-type":"","overlay-color":"","overlay-opacity":"","overlay-gradient":""}},"footnotes":""},"class_list":["post-29","page","type-page","status-publish","hentry"],"acf":[],"uagb_featured_image_src":{"full":false,"thumbnail":false,"medium":false,"medium_large":false,"large":false,"1536x1536":false,"2048x2048":false},"uagb_author_info":{"display_name":"Romain Boulay","author_link":"https:\/\/lesensdelafete.com\/blog\/author\/romainboulayadmin\/"},"uagb_comment_info":0,"uagb_excerpt":"Notre mission est d&rsquo;aider les passionn\u00e9s de f\u00eates \u00e0 c\u00e9l\u00e9brer chaque moment de mani\u00e8re unique. Nous offrons des id\u00e9es, des astuces et des ressources pour rendre chaque f\u00eate inoubliable. Tout a commenc\u00e9 en 2020, lorsque j&rsquo;ai d\u00e9cid\u00e9 de partager mon amour pour les c\u00e9l\u00e9brations. Je voulais cr\u00e9er un espace o\u00f9 chacun pourrait trouver inspiration et\u2026","_links":{"self":[{"href":"https:\/\/lesensdelafete.com\/blog\/wp-json\/wp\/v2\/pages\/29","targetHints":{"allow":["GET"]}}],"collection":[{"href":"https:\/\/lesensdelafete.com\/blog\/wp-json\/wp\/v2\/pages"}],"about":[{"href":"https:\/\/lesensdelafete.com\/blog\/wp-json\/wp\/v2\/types\/page"}],"author":[{"embeddable":true,"href":"https:\/\/lesensdelafete.com\/blog\/wp-json\/wp\/v2\/users\/1"}],"replies":[{"embeddable":true,"href":"https:\/\/lesensdelafete.com\/blog\/wp-json\/wp\/v2\/comments?post=29"}],"version-history":[{"count":7,"href":"https:\/\/lesensdelafete.com\/blog\/wp-json\/wp\/v2\/pages\/29\/revisions"}],"predecessor-version":[{"id":1503,"href":"https:\/\/lesensdelafete.com\/blog\/wp-json\/wp\/v2\/pages\/29\/revisions\/1503"}],"wp:attachment":[{"href":"https:\/\/lesensdelafete.com\/blog\/wp-json\/wp\/v2\/media?parent=29"}],"curies":[{"name":"wp","href":"https:\/\/api.w.org\/{rel}","templated":true}]}}